{"id":1145,"date":"2024-07-12T01:04:33","date_gmt":"2024-07-12T05:04:33","guid":{"rendered":"https:\/\/comcestnous.com\/com1\/?page_id=1145"},"modified":"2025-05-19T19:45:50","modified_gmt":"2025-05-19T23:45:50","slug":"guide-de-deontologie","status":"publish","type":"page","link":"https:\/\/comcestnous.com\/com1\/guide-de-deontologie\/","title":{"rendered":"Guide de d\u00e9ontologie"},"content":{"rendered":"<h1>Guide de d\u00e9ontologie pour les journalistes communautaires du m\u00e9dia \u00e9crit COM<sup><a href=\"#section1\">1<\/a><\/sup><\/h1>\n<h5>Qualit\u00e9 des articles et de l\u2019information<\/h5>\n<p><strong>Les journalistes de notre m\u00e9dia \u00e9crit communautaire doivent r\u00e9diger et pr\u00e9senter des articles <\/strong><strong>dont\u00a0:<\/strong><\/p>\n<ul>\n<li>le titre refl\u00e8te le contenu;<\/li>\n<li>le contenu coh\u00e9rent et lisible respecte l\u2019exactitude et l\u2019int\u00e9grit\u00e9 des informations transmises;<\/li>\n<li>le raisonnement est amen\u00e9 avec rigueur et la structure du texte est d\u00e9velopp\u00e9e clairement;<\/li>\n<li>l\u2019impartialit\u00e9 est garantie;<\/li>\n<li>l\u2019\u00e9quilibre des points de vue sur le traitement des sujets est favoris\u00e9;<\/li>\n<li>le choix et le traitement des \u00e9l\u00e9ments appuyant les propos des articles, ou pr\u00e9sentant des \u00e9v\u00e9nements, des portraits et des analyses, refl\u00e8tent l\u2019information diffus\u00e9e (photographies, illustrations, manchettes, titres, l\u00e9gendes\u2026).<\/li>\n<\/ul>\n<h5>Distinction des genres journalistiques<\/h5>\n<p><strong>Les journalistes de notre m\u00e9dia \u00e9crit communautaire doivent distinguer, pour les lectrices et les <\/strong><strong>lecteurs, les deux genres journalistiques, soit\u00a0:<\/strong><\/p>\n<ul>\n<li>le journalisme factuel o\u00f9 sont pr\u00e9sent\u00e9s les faits et les \u00e9v\u00e9nements dans leur contexte;<\/li>\n<li>le journalisme d\u2019opinion o\u00f9 sont exprim\u00e9es les opinions (points de vue, commentaires, prises<br \/>\nde position et critiques).<\/li>\n<\/ul>\n<h5>Distinction de l\u2019information et de la publicit\u00e9<\/h5>\n<p><strong>Les journalistes de notre m\u00e9dia \u00e9crit communautaire doivent distinguer, pour les lectrices et les <\/strong><strong>lecteurs, l\u2019information et la publicit\u00e9\u00a0:<\/strong><\/p>\n<ul>\n<li>la distinction entre l\u2019information et la publicit\u00e9 doit \u00eatre claire pour \u00e9viter la confusion;<\/li>\n<li>la publicit\u00e9 d\u00e9guis\u00e9e doit \u00eatre \u00e9vit\u00e9e (les publireportages doivent \u00eatre bien identifi\u00e9s).<\/li>\n<\/ul>\n<p><sup>1<\/sup> Ce guide est une adaptation du Guide de d\u00e9ontologie pour les membres de l\u2019AMECQ, lui, inspir\u00e9 de celui du Conseil de presse. Les r\u00e8gles et devoirs mentionn\u00e9s refl\u00e8tent la r\u00e9alit\u00e9 des journalistes communautaires, b\u00e9n\u00e9voles ou r\u00e9mun\u00e9r\u00e9s. Pour les points non mentionn\u00e9s, consultez le guide du Conseil de presse\u00a0:<br \/>\n<a href=\"https:\/\/conseildepresse.qc.ca\/wp-content\/uploads\/2024\/11\/Guide-de-deontologie-journalistique-du-CPQ-2024.pdf\"><br \/>\nhttps:\/\/conseildepresse.qc.ca\/wp-content\/uploads\/2024\/11\/Guide-de-deontologie-journalistique-du-CPQ-2024.pdf<br \/>\n<\/a><\/p>\n<h5>Conflits d\u2019int\u00e9r\u00eats<\/h5>\n<p><strong>Les journalistes et les membres de l\u2019administration de notre m\u00e9dia \u00e9crit communautaire doivent <\/strong><strong>travailler en\u00a0ayant le souci\u00a0:<\/strong><\/p>\n<ul>\n<li>d\u2019\u00e9viter les conflits d\u2019int\u00e9r\u00eats, ou l\u2019apparence de conflits d&amp;#39;int\u00e9r\u00eats (lorsqu&amp;#39;un sujet d\u2019article<br \/>\npr\u00e9sente un int\u00e9r\u00eat personnel pour un journaliste, ou un membre de l\u2019administration) qui<br \/>\npourraient influencer le contenu d&amp;#39;un texte ou la r\u00e9alisation de t\u00e2ches);<\/li>\n<li>de demeurer int\u00e8gre;<\/li>\n<li>de choisir le droit des lecteurs et lectrices \u00e0 une information de qualit\u00e9 plut\u00f4t que de prioriser<br \/>\nles int\u00e9r\u00eats commerciaux, politiques et id\u00e9ologiques des responsables du m\u00e9dia.<\/li>\n<\/ul>\n<h5>Signature des articles<\/h5>\n<p><strong>Les articles de notre m\u00e9dia \u00e9crit communautaire doivent \u00eatre sign\u00e9s\u00a0:<\/strong><\/p>\n<ul>\n<li>par leur auteur;<\/li>\n<li>par la r\u00e9daction du journal si les articles ont \u00e9t\u00e9 modifi\u00e9s substantiellement.<\/li>\n<\/ul>\n<h5>Identification des sources<\/h5>\n<p><strong>Les sources des informations utilis\u00e9es dans les articles de notre m\u00e9dia \u00e9crit communautaire <\/strong><strong>doivent s\u2019av\u00e9rer fiables. Elles doivent \u00eatre indiqu\u00e9es apr\u00e8s avoir \u00e9t\u00e9 v\u00e9rifi\u00e9es\u00a0:<\/strong><\/p>\n<ul>\n<li>v\u00e9rifier rigoureusement la cr\u00e9dibilit\u00e9 des sources;<\/li>\n<li>indiquer les sources connues (ces derni\u00e8res n\u2019ont pas droit de regard sur les textes, sauf pour v\u00e9rifier l\u2019exactitude des contenus);<\/li>\n<li>laisser la source anonyme quand elle peut subir un pr\u00e9judice si elle est d\u00e9voil\u00e9e et si l\u2019information sert l\u2019int\u00e9r\u00eat public et qu\u2019elle ne peut \u00eatre obtenue ailleurs;<\/li>\n<li>respecter les droits d\u2019auteur en notant les r\u00e9f\u00e9rences (nom de l\u2019auteur, titre\u2026) et \u00e9viter le plagiat en demandant l\u2019autorisation de publier un texte entier, une partie ou une image.<\/li>\n<\/ul>\n<p><strong>Note\u00a0:<\/strong> Les personnes qui donnent des informations pour la cr\u00e9ation d\u2019articles ne sont pas r\u00e9mun\u00e9r\u00e9es, sauf s\u2019il s\u2019agit d\u2019experts ou de pigistes.<\/p>\n<h5>Sondages<\/h5>\n<p>Les journalistes de notre m\u00e9dia \u00e9crit communautaire doivent expliquer la m\u00e9thodologie utilis\u00e9e lors de sondages et sp\u00e9cifier si l\u2019enqu\u00eate est consid\u00e9r\u00e9e comme scientifique ou pas.<\/p>\n<h5>Textes du public<\/h5>\n<p><strong>Les responsables de notre m\u00e9dia \u00e9crit communautaire peuvent publier un article provenant du<\/strong><br \/>\n<strong>public\u00a0:<\/strong><\/p>\n<ul>\n<li>si le choix des textes refl\u00e8te une diversit\u00e9 de point de vue et que le contenu respecte la dignit\u00e9 et la vie priv\u00e9e des gens, sans discrimination;<\/li>\n<li>si les textes gardent leur sens lorsqu\u2019ils sont modifi\u00e9s par les responsables du journal;<\/li>\n<li>si les textes refus\u00e9s ne le sont pas dans le but de taire une information d\u2019int\u00e9r\u00eat public.<\/li>\n<\/ul>\n<p><strong>Note\u00a0:<\/strong> Le m\u00e9dia \u00e9crit communautaire qui publie un texte en devient responsable &#8211; la mention, \u00ab\u00a0ce texte n\u2019engage que son auteur\u00a0\u00bb, ne lui enl\u00e8ve pas sa responsabilit\u00e9.<\/p>\n<h5>Respect des personnes et des groupes<\/h5>\n<p><strong>Les journalistes et les membres de l\u2019administration de notre m\u00e9dia \u00e9crit communautaire ont <\/strong><strong>l\u2019obligation de bien traiter les personnes et les groupes avec qui ils communiquent ou qui font <\/strong><strong>l\u2019objet d\u2019une information. Ils ont l\u2019obligation de\u00a0:<\/strong><\/p>\n<ul>\n<li>faire preuve d\u2019\u00e9quit\u00e9 envers eux;<\/li>\n<li>respecter leurs droits fondamentaux \u00e0 la vie priv\u00e9e et \u00e0 la dignit\u00e9;<\/li>\n<li>mentionner, seulement si c\u2019est pertinent, leur race, leur religion, leur orientation sexuelle, leur handicap ou autre caract\u00e9ristique personnelle;<\/li>\n<li>formuler les opinions sur un ton respectueux en employant un style inclusif, accessible et engag\u00e9.<\/li>\n<\/ul>\n<h5>Affaires judiciaires et polici\u00e8res<\/h5>\n<p><strong>Les journalistes de notre m\u00e9dia \u00e9crit communautaire, s\u2019ils publient des affaires judiciaires et <\/strong><strong>polici\u00e8res (ce qui n\u2019est pas habituel), doivent faire preuve de prudence et de parcimonie et\u00a0:<\/strong><\/p>\n<ul>\n<li>\u00e9viter de mentionner ce qui permettrait d\u2019identifier une personne mineure accus\u00e9e;<\/li>\n<li>\u00e9viter de mentionner ce qui permettrait d\u2019identifier une personne victime de d\u00e9lits sexuels;<\/li>\n<li>\u00e9viter de mentionner les ant\u00e9c\u00e9dents judiciaires d\u2019une personne ne faisant pas l\u2019objet de proc\u00e9dures judiciaires.<\/li>\n<\/ul>\n<h5>Correction des erreurs<\/h5>\n<p><strong>Les journalistes et les membres de l\u2019administration de notre m\u00e9dia \u00e9crit communautaire, dans un <\/strong><strong>souci de v\u00e9rit\u00e9, doivent accepter de corriger leurs erreurs ou leurs manquements d\u00e8s que <\/strong><strong>possible\u00a0:<\/strong><\/p>\n<ul>\n<li>en rectifiant les erreurs;<\/li>\n<li>en se r\u00e9tractant;<\/li>\n<li>en donnant le droit de r\u00e9plique aux personnes ou groupes concern\u00e9s.<\/li>\n<\/ul>\n<h5>Identification<\/h5>\n<p><strong>Les journalistes de notre m\u00e9dia \u00e9crit communautaire s\u2019identifient et indiquent clairement de quel <\/strong><strong>m\u00e9dia ils font partie.<\/strong><\/p>\n<p>Tout manquement \u00e0 ce guide d\u00e9ontologique, par une personne b\u00e9n\u00e9vole ou r\u00e9mun\u00e9r\u00e9e, rattach\u00e9e \u00e0 COM1 ou \u00e0 son \u00e9diteur, COM C\u2019EST NOUS, pourrait donner lieu \u00e0 la perte de sa fonction au sein du groupe.<\/p>\n<p><strong>Adopt\u00e9 \u00e0 l\u2019unanimit\u00e9 par le conseil d\u2019administration de COM C\u2019EST NOUS, le 7 juillet <\/strong><strong>2024.<\/strong><\/p>\n","protected":false},"excerpt":{"rendered":"<p>Guide de d\u00e9ontologie pour les journalistes communautaires du m\u00e9dia \u00e9crit COM1 Qualit\u00e9 des articles et de l\u2019information Les journalistes de notre m\u00e9dia \u00e9crit communautaire doivent r\u00e9diger et pr\u00e9senter des articles dont\u00a0: le titre refl\u00e8te le contenu; le contenu coh\u00e9rent et lisible respecte l\u2019exactitude et l\u2019int\u00e9grit\u00e9 des informations transmises; le raisonnement est amen\u00e9 avec rigueur et [&hellip;]<\/p>\n","protected":false},"author":1,"featured_media":0,"parent":0,"menu_order":0,"comment_status":"closed","ping_status":"closed","template":"","meta":{"footnotes":""},"class_list":["post-1145","page","type-page","status-publish"],"_links":{"self":[{"href":"https:\/\/comcestnous.com\/com1\/wp-json\/wp\/v2\/pages\/1145","targetHints":{"allow":["GET"]}}],"collection":[{"href":"https:\/\/comcestnous.com\/com1\/wp-json\/wp\/v2\/pages"}],"about":[{"href":"https:\/\/comcestnous.com\/com1\/wp-json\/wp\/v2\/types\/page"}],"author":[{"embeddable":true,"href":"https:\/\/comcestnous.com\/com1\/wp-json\/wp\/v2\/users\/1"}],"replies":[{"embeddable":true,"href":"https:\/\/comcestnous.com\/com1\/wp-json\/wp\/v2\/comments?post=1145"}],"version-history":[{"count":1,"href":"https:\/\/comcestnous.com\/com1\/wp-json\/wp\/v2\/pages\/1145\/revisions"}],"predecessor-version":[{"id":1146,"href":"https:\/\/comcestnous.com\/com1\/wp-json\/wp\/v2\/pages\/1145\/revisions\/1146"}],"wp:attachment":[{"href":"https:\/\/comcestnous.com\/com1\/wp-json\/wp\/v2\/media?parent=1145"}],"curies":[{"name":"wp","href":"https:\/\/api.w.org\/{rel}","templated":true}]}}